{"id":6055,"date":"2021-11-11T16:59:22","date_gmt":"2021-11-11T20:59:22","guid":{"rendered":"https:\/\/inmiami.com\/terminos-y-condiciones\/"},"modified":"2021-11-11T17:23:35","modified_gmt":"2021-11-11T21:23:35","slug":"terminos-y-condiciones","status":"publish","type":"page","link":"https:\/\/inmiami.com\/es\/terminos-y-condiciones\/","title":{"rendered":"T\u00e9rminos y Condiciones"},"content":{"rendered":"<div class=\"wpb-content-wrapper\"><p>[vc_row][vc_column][vc_column_text]<\/p>\n\n<h2 class=\"wp-block-heading\"><strong>T\u00e9rminos y Condiciones<\/strong><\/h2>\n<p>&nbsp;<\/p>\n<p>\u00a1Bienvenido a inMiami!<\/p>\n<p>Estos t\u00e9rminos y condiciones describen las reglas y regulaciones para el uso del sitio web de inMiami, ubicado en https:\/\/inmiami.com.<br \/><br \/>Al acceder a este sitio web asumimos que acepta estos t\u00e9rminos y condiciones. No contin\u00fae usando inMiami si no est\u00e1 de acuerdo con todos los t\u00e9rminos y condiciones establecidos en esta p\u00e1gina.<\/p>\n<p>La siguiente terminolog\u00eda se aplica a estos T\u00e9rminos y condiciones, Declaraci\u00f3n de privacidad y Aviso de exenci\u00f3n de responsabilidad y todos los Acuerdos: &#8220;Cliente&#8221;, &#8220;Usted&#8221; y &#8220;Su&#8221; se refieren a usted, la persona que inicia sesi\u00f3n en este sitio web y cumple con los t\u00e9rminos y condiciones de la Compa\u00f1\u00eda. &#8220;La Compa\u00f1\u00eda&#8221;, &#8220;Nosotros&#8221;, &#8220;Nosotros&#8221;, &#8220;Nuestro&#8221; y &#8220;Nosotros&#8221; se refieren a nuestra Compa\u00f1\u00eda. &#8220;Parte&#8221;, &#8220;Partes&#8221; o &#8220;Nosotros&#8221; se refiere tanto al Cliente como a nosotros mismos. Todos los t\u00e9rminos se refieren a la oferta, aceptaci\u00f3n y consideraci\u00f3n del pago necesario para llevar a cabo el proceso de nuestra asistencia al Cliente de la manera m\u00e1s adecuada con el prop\u00f3sito expreso de satisfacer las necesidades del Cliente con respecto a la prestaci\u00f3n de los servicios declarados por la Compa\u00f1\u00eda, de acuerdo con y sujeto a la legislaci\u00f3n vigente de los Pa\u00edses Bajos. Cualquier uso de la terminolog\u00eda anterior u otras palabras en singular, plural, may\u00fasculas y \/ o \u00e9l \/ ella o ellos, se toman como intercambiables y, por lo tanto, se refieren a los mismos.<br \/><!-- \/wp:post-content --><\/p>\n<!-- wp:heading {\"level\":3,\"translatedWithWPMLTM\":\"1\"} -->\n<h3><strong>Cookies<\/strong><\/h3>\n<p>Empleamos el uso de cookies. Al acceder a inMiami, acepta utilizar cookies de acuerdo con la Pol\u00edtica de privacidad de inMiami.<\/p>\n<p>La mayor\u00eda de los sitios web interactivos utilizan cookies para permitirnos recuperar los detalles del usuario en cada visita. Nuestro sitio web utiliza cookies para habilitar la funcionalidad de ciertas \u00e1reas para que sea m\u00e1s f\u00e1cil para las personas que visitan nuestro sitio web. Algunos de nuestros socios publicitarios \/ afiliados tambi\u00e9n pueden utilizar cookies.<br \/><!-- \/wp:heading --><\/p>\n<!-- wp:heading {\"level\":3,\"translatedWithWPMLTM\":\"1\"} -->\n<h3><strong>Licencias<\/strong><\/h3>\n<p>A menos que se indique lo contrario, inMiami y \/ o sus licenciantes poseen los derechos de propiedad intelectual de todo el material de inMiami. Todos los derechos de propiedad intelectual est\u00e1n reservados. Puede acceder a esto desde inMiami para su uso personal sujeto a las restricciones establecidas en estos t\u00e9rminos y condiciones.<br \/><!-- \/wp:heading --><br \/>No debes:<br \/><!-- \/wp:paragraph --><\/p>\n<!-- wp:list {\"translatedWithWPMLTM\":\"1\"} -->\n<ul>\n<li style=\"list-style-type: none;\">\n<ul>\n<li>Publicar material desde inMiami<\/li>\n<\/ul>\n<\/li>\n<\/ul>\n<ul>\n<li style=\"list-style-type: none;\">\n<ul>\n<li>Vender, alquilar o sublicenciar material desde inMiami<\/li>\n<\/ul>\n<\/li>\n<\/ul>\n<ul>\n<li style=\"list-style-type: none;\">\n<ul>\n<li>Reproducir, duplicar o copiar material de inMiami<\/li>\n<\/ul>\n<\/li>\n<\/ul>\n<ul>\n<li style=\"list-style-type: none;\">\n<ul>\n<li>Redistribuir contenido de inMiami<\/li>\n<\/ul>\n<\/li>\n<\/ul>\n<p>Partes de este sitio web ofrecen una oportunidad para que los usuarios publiquen e intercambien opiniones e informaci\u00f3n en ciertas \u00e1reas del sitio web. inMiami no filtra, edita, publica ni revisa los Comentarios antes de su presencia en el sitio web. Los comentarios no reflejan los puntos de vista ni las opiniones de inMiami, sus agentes y \/ o afiliados. Los comentarios reflejan los puntos de vista y opiniones de la persona que publica sus puntos de vista y opiniones. En la medida en que lo permitan las leyes aplicables, inMiami no ser\u00e1 responsable de los Comentarios o de cualquier responsabilidad, da\u00f1os o gastos causados y \/ o sufridos como resultado de cualquier uso y \/ o publicaci\u00f3n y \/ o aparici\u00f3n de los Comentarios en este sitio web.<br \/><!-- \/wp:paragraph --><br \/>inMiami se reserva el derecho de monitorear todos los Comentarios y de eliminar los Comentarios que puedan considerarse inapropiados, ofensivos o que incumplan estos T\u00e9rminos y Condiciones.<br \/><!-- \/wp:paragraph --><br \/>Usted garantiza y manifiesta que:<br \/><!-- \/wp:paragraph --><\/p>\n<!-- wp:list {\"translatedWithWPMLTM\":\"1\"} -->\n<ul>\n<li style=\"list-style-type: none;\">\n<ul>\n<li>Tiene derecho a publicar los Comentarios en nuestro sitio web y tiene todas las licencias y consentimientos necesarios para hacerlo;<\/li>\n<\/ul>\n<\/li>\n<\/ul>\n<ul>\n<li style=\"list-style-type: none;\">\n<ul>\n<li>Los Comentarios no invaden ning\u00fan derecho de propiedad intelectual, incluidos, entre otros, los derechos de autor, patentes o marcas comerciales de terceros;<\/li>\n<\/ul>\n<\/li>\n<\/ul>\n<ul>\n<li style=\"list-style-type: none;\">\n<ul>\n<li>Los Comentarios no contienen ning\u00fan material difamatorio, calumnioso, ofensivo, indecente o ilegal que sea una invasi\u00f3n de la privacidad.<\/li>\n<\/ul>\n<\/li>\n<\/ul>\n<ul>\n<li style=\"list-style-type: none;\">\n<ul>\n<li>Los Comentarios no se utilizar\u00e1n para solicitar o promover negocios o actividades comerciales personalizadas o presentes o actividades ilegales.<\/li>\n<\/ul>\n<\/li>\n<\/ul>\n<p>Por la presente, otorga a inMiami una licencia no exclusiva para usar, reproducir, editar y autorizar a otros a usar, reproducir y editar cualquiera de sus Comentarios en todas y cada una de las formas, formatos o medios.<br \/><!-- \/wp:paragraph --><\/p>\n<!-- wp:heading {\"level\":3,\"translatedWithWPMLTM\":\"1\"} -->\n<h3><strong>Hiperv\u00ednculos a nuestro contenido<\/strong><\/h3>\n<p>Las siguientes organizaciones pueden vincularse a nuestro sitio web sin aprobaci\u00f3n previa por escrito:<br \/><!-- \/wp:paragraph --><\/p>\n<!-- wp:list {\"translatedWithWPMLTM\":\"1\"} -->\n<ul>\n<li style=\"list-style-type: none;\">\n<ul>\n<li>Agencias gubernamentales;<\/li>\n<\/ul>\n<\/li>\n<\/ul>\n<ul>\n<li style=\"list-style-type: none;\">\n<ul>\n<li>Motores de b\u00fasqueda;<\/li>\n<\/ul>\n<\/li>\n<\/ul>\n<ul>\n<li style=\"list-style-type: none;\">\n<ul>\n<li>Organizaciones de noticias;<\/li>\n<\/ul>\n<\/li>\n<\/ul>\n<ul>\n<li style=\"list-style-type: none;\">\n<ul>\n<li>Los distribuidores de directorios en l\u00ednea pueden vincularse a nuestro sitio web de la misma manera que hacen hiperv\u00ednculos a los sitios web de otras empresas que figuran en la lista; y<\/li>\n<\/ul>\n<\/li>\n<\/ul>\n<ul>\n<li style=\"list-style-type: none;\">\n<ul>\n<li>Empresas acreditadas de todo el sistema, excepto las organizaciones sin fines de lucro, los centros comerciales de caridad y los grupos de recaudaci\u00f3n de fondos de caridad que no pueden hacer hiperv\u00ednculos a nuestro sitio web.<\/li>\n<\/ul>\n<\/li>\n<\/ul>\n<p>Estas organizaciones pueden vincular a nuestra p\u00e1gina de inicio, a publicaciones oa otra informaci\u00f3n del sitio web siempre que el v\u00ednculo: (a) no sea enga\u00f1oso de ninguna manera; (b) no implica falsamente patrocinio, respaldo o aprobaci\u00f3n de la parte vinculante y sus productos y \/ o servicios; y (c) encaja en el contexto del sitio de la parte vinculante.<br \/><!-- \/wp:paragraph --><br \/>Podemos considerar y aprobar otras solicitudes de enlaces de los siguientes tipos de organizaciones:<br \/><!-- \/wp:paragraph --><\/p>\n<!-- wp:list {\"translatedWithWPMLTM\":\"1\"} -->\n<ul>\n<li style=\"list-style-type: none;\">\n<ul>\n<li>fuentes de informaci\u00f3n de consumidores y \/ o empresas com\u00fanmente conocidas;<\/li>\n<\/ul>\n<\/li>\n<\/ul>\n<ul>\n<li style=\"list-style-type: none;\">\n<ul>\n<li>sitios de la comunidad dot.com;<\/li>\n<\/ul>\n<\/li>\n<\/ul>\n<ul>\n<li style=\"list-style-type: none;\">\n<ul>\n<li>asociaciones u otros grupos que representan organizaciones ben\u00e9ficas;<\/li>\n<\/ul>\n<\/li>\n<\/ul>\n<ul>\n<li style=\"list-style-type: none;\">\n<ul>\n<li>distribuidores de directorios en l\u00ednea;<\/li>\n<\/ul>\n<\/li>\n<\/ul>\n<ul>\n<li style=\"list-style-type: none;\">\n<ul>\n<li>portales de internet;<\/li>\n<\/ul>\n<\/li>\n<\/ul>\n<ul>\n<li style=\"list-style-type: none;\">\n<ul>\n<li>firmas de contabilidad, derecho y consultor\u00eda; y<\/li>\n<\/ul>\n<\/li>\n<\/ul>\n<ul>\n<li style=\"list-style-type: none;\">\n<ul>\n<li>instituciones educativas y asociaciones comerciales.<\/li>\n<\/ul>\n<\/li>\n<\/ul>\n<p>Aprobaremos las solicitudes de enlace de estas organizaciones si decidimos que: (a) el enlace no nos har\u00eda vernos desfavorablemente a nosotros mismos ni a nuestras empresas acreditadas; (b) la organizaci\u00f3n no tiene registros negativos con nosotros; (c) el beneficio para nosotros de la visibilidad del hiperv\u00ednculo compensa la ausencia de inMiami; y (d) el enlace est\u00e1 en el contexto de informaci\u00f3n general de recursos.<br \/><!-- \/wp:paragraph --><br \/>Estas organizaciones pueden enlazar a nuestra p\u00e1gina de inicio siempre que el enlace: (a) no sea enga\u00f1oso de ninguna manera; (b) no implica falsamente patrocinio, respaldo o aprobaci\u00f3n de la parte vinculante y sus productos o servicios; y (c) encaja en el contexto del sitio de la parte vinculante.<br \/><!-- \/wp:paragraph --><br \/>Si usted es una de las organizaciones enumeradas en el p\u00e1rrafo 2 anterior y est\u00e1 interesado en vincularse a nuestro sitio web, debe informarnos enviando un correo electr\u00f3nico a inMiami. Incluya su nombre, el nombre de su organizaci\u00f3n, la informaci\u00f3n de contacto, as\u00ed como la URL de su sitio, una lista de las URL desde las que desea vincular a nuestro sitio web y una lista de las URL de nuestro sitio a las que le gustar\u00eda Enlace. Espere 2-3 semanas para recibir una respuesta.<br \/><!-- \/wp:paragraph --><br \/>Las organizaciones aprobadas pueden hacer hiperv\u00ednculos a nuestro sitio web de la siguiente manera:<br \/><!-- \/wp:paragraph --><\/p>\n<!-- wp:list {\"translatedWithWPMLTM\":\"1\"} -->\n<ul>\n<li style=\"list-style-type: none;\">\n<ul>\n<li>Mediante el uso de nuestra raz\u00f3n social; o<\/li>\n<\/ul>\n<\/li>\n<\/ul>\n<ul>\n<li style=\"list-style-type: none;\">\n<ul>\n<li>Mediante el uso del localizador uniforme de recursos al que se vincula; o<\/li>\n<\/ul>\n<\/li>\n<\/ul>\n<ul>\n<li style=\"list-style-type: none;\">\n<ul>\n<li>Mediante el uso de cualquier otra descripci\u00f3n de nuestro sitio web al que est\u00e9 vinculado que tenga sentido dentro del contexto y formato del contenido en el sitio de la parte vinculante.<\/li>\n<\/ul>\n<\/li>\n<\/ul>\n<p>No se permitir\u00e1 el uso del logotipo de inMiami u otra obra de arte para vincular sin un acuerdo de licencia de marca registrada.<br \/><!-- \/wp:paragraph --><\/p>\n<!-- wp:heading {\"level\":3,\"translatedWithWPMLTM\":\"1\"} -->\n<h3><strong>iFrames<\/strong><\/h3>\n<p>Sin la aprobaci\u00f3n previa y el permiso por escrito, no puede crear marcos alrededor de nuestras p\u00e1ginas web que alteren de alguna manera la presentaci\u00f3n visual o la apariencia de nuestro sitio web.<br \/><!-- \/wp:paragraph --><\/p>\n<!-- wp:heading {\"level\":3,\"translatedWithWPMLTM\":\"1\"} -->\n<h3><strong>Responsabilidad del contenido<\/strong><\/h3>\n<p>No seremos responsables de ning\u00fan contenido que aparezca en su sitio web. Usted acepta protegernos y defendernos contra todas las reclamaciones que surjan en su sitio web. Ning\u00fan enlace (s) debe aparecer en ning\u00fan sitio web que pueda ser interpretado como difamatorio, obsceno o criminal, o que infrinja, de otra manera viole o defienda la infracci\u00f3n u otra violaci\u00f3n de derechos de terceros.<br \/><!-- \/wp:paragraph --><\/p>\n<!-- wp:heading {\"level\":3,\"translatedWithWPMLTM\":\"1\"} -->\n<h3><strong>Tu privacidad<\/strong><\/h3>\n<p>Por favor lea la pol\u00edtica de privacidad.<br \/><!-- \/wp:paragraph --><\/p>\n<!-- wp:heading {\"level\":3,\"translatedWithWPMLTM\":\"1\"} -->\n<h3><strong>Reserva de derechos<\/strong><\/h3>\n<p>Nos reservamos el derecho de solicitar que elimine todos los enlaces o cualquier enlace en particular a nuestro sitio web. Usted aprueba eliminar de inmediato todos los enlaces a nuestro sitio web cuando lo solicite. Tambi\u00e9n nos reservamos el derecho de modificar estos t\u00e9rminos y condiciones y su pol\u00edtica de vinculaci\u00f3n en cualquier momento. Al vincular continuamente a nuestro sitio web, usted acepta estar vinculado y seguir estos t\u00e9rminos y condiciones de vinculaci\u00f3n.<br \/><!-- \/wp:paragraph --><\/p>\n<!-- wp:heading {\"level\":3,\"translatedWithWPMLTM\":\"1\"} -->\n<h3><strong>Eliminaci\u00f3n de enlaces de nuestro sitio web<\/strong><\/h3>\n<p>Si encuentra alg\u00fan enlace en nuestro sitio web que sea ofensivo por cualquier motivo, puede contactarnos e informarnos en cualquier momento. Consideraremos las solicitudes para eliminar enlaces, pero no estamos obligados a hacerlo ni a responderle directamente.<br \/><!-- \/wp:paragraph --><br \/>No nos aseguramos de que la informaci\u00f3n en este sitio web sea correcta, no garantizamos su integridad o exactitud; tampoco nos comprometemos a garantizar que el sitio web permanezca disponible o que el material en el sitio web se mantenga actualizado.<br \/><!-- \/wp:paragraph --><\/p>\n<!-- wp:heading {\"level\":3,\"translatedWithWPMLTM\":\"1\"} -->\n<h3><strong>Descargo de responsabilidad<\/strong><\/h3>\n<p>En la medida m\u00e1xima permitida por la ley aplicable, excluimos todas las representaciones, garant\u00edas y condiciones relacionadas con nuestro sitio web y el uso de este sitio web. Nada en este descargo de responsabilidad:<br \/><!-- \/wp:paragraph --><\/p>\n<!-- wp:list {\"translatedWithWPMLTM\":\"1\"} -->\n<ul>\n<li style=\"list-style-type: none;\">\n<ul>\n<li>limitar o excluir nuestra responsabilidad o la suya por muerte o lesiones personales;<\/li>\n<\/ul>\n<\/li>\n<\/ul>\n<ul>\n<li style=\"list-style-type: none;\">\n<ul>\n<li>limitar o excluir nuestra responsabilidad o la suya por fraude o tergiversaci\u00f3n fraudulenta;<\/li>\n<\/ul>\n<\/li>\n<\/ul>\n<ul>\n<li style=\"list-style-type: none;\">\n<ul>\n<li>limitar cualquiera de nuestras responsabilidades o las suyas de cualquier manera que no est\u00e9 permitida por la ley aplicable; o<\/li>\n<\/ul>\n<\/li>\n<\/ul>\n<ul>\n<li style=\"list-style-type: none;\">\n<ul>\n<li>excluir cualquiera de nuestras responsabilidades o las suyas que no puedan estar excluidas seg\u00fan la ley aplicable.<\/li>\n<\/ul>\n<\/li>\n<\/ul>\n<p><!-- \/wp:list --><br \/>Las limitaciones y prohibiciones de responsabilidad establecidas en esta Secci\u00f3n y en otras partes de este descargo de responsabilidad: (a) est\u00e1n sujetas al p\u00e1rrafo anterior; y (b) regir\u00e1 todas las responsabilidades que surjan en virtud de la exenci\u00f3n de responsabilidad, incluidas las responsabilidades que surjan en el contrato, en agravio y por incumplimiento de la obligaci\u00f3n legal.<br \/><!-- \/wp:paragraph --><br \/>Siempre que el sitio web y la informaci\u00f3n y los servicios en el sitio web se proporcionen de forma gratuita, no seremos responsables de ninguna p\u00e9rdida o da\u00f1o de cualquier naturaleza.<\/p>\n<p>&nbsp;<\/p>\n<p>&nbsp;<\/p>\n<p>[\/vc_column_text][\/vc_column][vc_column][\/vc_column][\/vc_row]<\/p>\n<\/div>","protected":false},"excerpt":{"rendered":"<p>[vc_row][vc_column][vc_column_text] T\u00e9rminos y Condiciones &nbsp; \u00a1Bienvenido a inMiami! Estos t\u00e9rminos y condiciones describen las reglas y regulaciones para el uso del sitio web de inMiami, ubicado en https:\/\/inmiami.com. Al acceder a este sitio web asumimos que acepta estos t\u00e9rminos y condiciones. No contin\u00fae usando inMiami si no est\u00e1 de acuerdo con todos los t\u00e9rminos y [&hellip;]<\/p>\n","protected":false},"author":1,"featured_media":0,"parent":0,"menu_order":0,"comment_status":"closed","ping_status":"closed","template":"redux-templates_contained","meta":{"footnotes":""},"class_list":["post-6055","page","type-page","status-publish","hentry"],"yoast_head":"<!-- This site is optimized with the Yoast SEO plugin v27.3 - https:\/\/yoast.com\/product\/yoast-seo-wordpress\/ -->\n<title>T\u00e9rminos y Condiciones - inMiami<\/title>\n<meta name=\"description\" content=\"T\u00e9rminos y Condiciones - inMiami\" \/>\n<meta name=\"robots\" content=\"index, follow, max-snippet:-1, max-image-preview:large, max-video-preview:-1\" \/>\n<link rel=\"canonical\" href=\"https:\/\/inmiami.com\/es\/terminos-y-condiciones\/\" \/>\n<meta property=\"og:locale\" content=\"es_ES\" \/>\n<meta property=\"og:type\" content=\"article\" \/>\n<meta property=\"og:title\" content=\"T\u00e9rminos y Condiciones - inMiami\" \/>\n<meta property=\"og:description\" content=\"T\u00e9rminos y Condiciones - inMiami\" \/>\n<meta property=\"og:url\" content=\"https:\/\/inmiami.com\/es\/terminos-y-condiciones\/\" \/>\n<meta property=\"og:site_name\" content=\"inMiami\" \/>\n<meta property=\"article:publisher\" content=\"https:\/\/www.facebook.com\/inMiamiCom\" \/>\n<meta property=\"article:modified_time\" content=\"2021-11-11T21:23:35+00:00\" \/>\n<meta name=\"twitter:card\" content=\"summary_large_image\" \/>\n<meta name=\"twitter:label1\" content=\"Tiempo de lectura\" \/>\n\t<meta name=\"twitter:data1\" content=\"9 minutos\" \/>\n<script type=\"application\/ld+json\" class=\"yoast-schema-graph\">{\"@context\":\"https:\\\/\\\/schema.org\",\"@graph\":[{\"@type\":\"WebPage\",\"@id\":\"https:\\\/\\\/inmiami.com\\\/es\\\/terminos-y-condiciones\\\/\",\"url\":\"https:\\\/\\\/inmiami.com\\\/es\\\/terminos-y-condiciones\\\/\",\"name\":\"T\u00e9rminos y Condiciones - inMiami\",\"isPartOf\":{\"@id\":\"https:\\\/\\\/inmiami.com\\\/es\\\/#website\"},\"datePublished\":\"2021-11-11T20:59:22+00:00\",\"dateModified\":\"2021-11-11T21:23:35+00:00\",\"description\":\"T\u00e9rminos y Condiciones - inMiami\",\"breadcrumb\":{\"@id\":\"https:\\\/\\\/inmiami.com\\\/es\\\/terminos-y-condiciones\\\/#breadcrumb\"},\"inLanguage\":\"es\",\"potentialAction\":[{\"@type\":\"ReadAction\",\"target\":[\"https:\\\/\\\/inmiami.com\\\/es\\\/terminos-y-condiciones\\\/\"]}]},{\"@type\":\"BreadcrumbList\",\"@id\":\"https:\\\/\\\/inmiami.com\\\/es\\\/terminos-y-condiciones\\\/#breadcrumb\",\"itemListElement\":[{\"@type\":\"ListItem\",\"position\":1,\"name\":\"Explora Miami\",\"item\":\"https:\\\/\\\/inmiami.com\\\/es\\\/\"},{\"@type\":\"ListItem\",\"position\":2,\"name\":\"T\u00e9rminos y Condiciones\"}]},{\"@type\":\"WebSite\",\"@id\":\"https:\\\/\\\/inmiami.com\\\/es\\\/#website\",\"url\":\"https:\\\/\\\/inmiami.com\\\/es\\\/\",\"name\":\"inMiami\",\"description\":\"Discover the best of Miami\",\"publisher\":{\"@id\":\"https:\\\/\\\/inmiami.com\\\/es\\\/#organization\"},\"potentialAction\":[{\"@type\":\"SearchAction\",\"target\":{\"@type\":\"EntryPoint\",\"urlTemplate\":\"https:\\\/\\\/inmiami.com\\\/es\\\/?s={search_term_string}\"},\"query-input\":{\"@type\":\"PropertyValueSpecification\",\"valueRequired\":true,\"valueName\":\"search_term_string\"}}],\"inLanguage\":\"es\"},{\"@type\":\"Organization\",\"@id\":\"https:\\\/\\\/inmiami.com\\\/es\\\/#organization\",\"name\":\"inMiami\",\"url\":\"https:\\\/\\\/inmiami.com\\\/es\\\/\",\"logo\":{\"@type\":\"ImageObject\",\"inLanguage\":\"es\",\"@id\":\"https:\\\/\\\/inmiami.com\\\/es\\\/#\\\/schema\\\/logo\\\/image\\\/\",\"url\":\"https:\\\/\\\/inmiami.com\\\/wp-content\\\/uploads\\\/2021\\\/10\\\/logo.png\",\"contentUrl\":\"https:\\\/\\\/inmiami.com\\\/wp-content\\\/uploads\\\/2021\\\/10\\\/logo.png\",\"width\":313,\"height\":57,\"caption\":\"inMiami\"},\"image\":{\"@id\":\"https:\\\/\\\/inmiami.com\\\/es\\\/#\\\/schema\\\/logo\\\/image\\\/\"},\"sameAs\":[\"https:\\\/\\\/www.facebook.com\\\/inMiamiCom\"]}]}<\/script>\n<!-- \/ Yoast SEO plugin. -->","yoast_head_json":{"title":"T\u00e9rminos y Condiciones - inMiami","description":"T\u00e9rminos y Condiciones - inMiami","robots":{"index":"index","follow":"follow","max-snippet":"max-snippet:-1","max-image-preview":"max-image-preview:large","max-video-preview":"max-video-preview:-1"},"canonical":"https:\/\/inmiami.com\/es\/terminos-y-condiciones\/","og_locale":"es_ES","og_type":"article","og_title":"T\u00e9rminos y Condiciones - inMiami","og_description":"T\u00e9rminos y Condiciones - inMiami","og_url":"https:\/\/inmiami.com\/es\/terminos-y-condiciones\/","og_site_name":"inMiami","article_publisher":"https:\/\/www.facebook.com\/inMiamiCom","article_modified_time":"2021-11-11T21:23:35+00:00","twitter_card":"summary_large_image","twitter_misc":{"Tiempo de lectura":"9 minutos"},"schema":{"@context":"https:\/\/schema.org","@graph":[{"@type":"WebPage","@id":"https:\/\/inmiami.com\/es\/terminos-y-condiciones\/","url":"https:\/\/inmiami.com\/es\/terminos-y-condiciones\/","name":"T\u00e9rminos y Condiciones - inMiami","isPartOf":{"@id":"https:\/\/inmiami.com\/es\/#website"},"datePublished":"2021-11-11T20:59:22+00:00","dateModified":"2021-11-11T21:23:35+00:00","description":"T\u00e9rminos y Condiciones - inMiami","breadcrumb":{"@id":"https:\/\/inmiami.com\/es\/terminos-y-condiciones\/#breadcrumb"},"inLanguage":"es","potentialAction":[{"@type":"ReadAction","target":["https:\/\/inmiami.com\/es\/terminos-y-condiciones\/"]}]},{"@type":"BreadcrumbList","@id":"https:\/\/inmiami.com\/es\/terminos-y-condiciones\/#breadcrumb","itemListElement":[{"@type":"ListItem","position":1,"name":"Explora Miami","item":"https:\/\/inmiami.com\/es\/"},{"@type":"ListItem","position":2,"name":"T\u00e9rminos y Condiciones"}]},{"@type":"WebSite","@id":"https:\/\/inmiami.com\/es\/#website","url":"https:\/\/inmiami.com\/es\/","name":"inMiami","description":"Discover the best of Miami","publisher":{"@id":"https:\/\/inmiami.com\/es\/#organization"},"potentialAction":[{"@type":"SearchAction","target":{"@type":"EntryPoint","urlTemplate":"https:\/\/inmiami.com\/es\/?s={search_term_string}"},"query-input":{"@type":"PropertyValueSpecification","valueRequired":true,"valueName":"search_term_string"}}],"inLanguage":"es"},{"@type":"Organization","@id":"https:\/\/inmiami.com\/es\/#organization","name":"inMiami","url":"https:\/\/inmiami.com\/es\/","logo":{"@type":"ImageObject","inLanguage":"es","@id":"https:\/\/inmiami.com\/es\/#\/schema\/logo\/image\/","url":"https:\/\/inmiami.com\/wp-content\/uploads\/2021\/10\/logo.png","contentUrl":"https:\/\/inmiami.com\/wp-content\/uploads\/2021\/10\/logo.png","width":313,"height":57,"caption":"inMiami"},"image":{"@id":"https:\/\/inmiami.com\/es\/#\/schema\/logo\/image\/"},"sameAs":["https:\/\/www.facebook.com\/inMiamiCom"]}]}},"_links":{"self":[{"href":"https:\/\/inmiami.com\/es\/wp-json\/wp\/v2\/pages\/6055","targetHints":{"allow":["GET"]}}],"collection":[{"href":"https:\/\/inmiami.com\/es\/wp-json\/wp\/v2\/pages"}],"about":[{"href":"https:\/\/inmiami.com\/es\/wp-json\/wp\/v2\/types\/page"}],"author":[{"embeddable":true,"href":"https:\/\/inmiami.com\/es\/wp-json\/wp\/v2\/users\/1"}],"replies":[{"embeddable":true,"href":"https:\/\/inmiami.com\/es\/wp-json\/wp\/v2\/comments?post=6055"}],"version-history":[{"count":6,"href":"https:\/\/inmiami.com\/es\/wp-json\/wp\/v2\/pages\/6055\/revisions"}],"predecessor-version":[{"id":6061,"href":"https:\/\/inmiami.com\/es\/wp-json\/wp\/v2\/pages\/6055\/revisions\/6061"}],"wp:attachment":[{"href":"https:\/\/inmiami.com\/es\/wp-json\/wp\/v2\/media?parent=6055"}],"curies":[{"name":"wp","href":"https:\/\/api.w.org\/{rel}","templated":true}]}}